{"id":3,"date":"2023-04-10T13:54:31","date_gmt":"2023-04-10T13:54:31","guid":{"rendered":"https:\/\/thekarmaworks.com\/?page_id=3"},"modified":"2025-01-29T21:04:54","modified_gmt":"2025-01-29T13:04:54","slug":"datenschutzrichtlinie","status":"publish","type":"page","link":"https:\/\/thekarmaworks.com\/de\/datenschutzrichtlinie\/","title":{"rendered":"Datenschutzrichtlinie"},"content":{"rendered":"<div data-elementor-type=\"wp-page\" data-elementor-id=\"3\" class=\"elementor elementor-3\" data-elementor-post-type=\"page\">\n\t\t\t\t<div class=\"elementor-element elementor-element-f0905a7 e-flex e-con-boxed e-con e-parent\" data-id=\"f0905a7\" data-element_type=\"container\" data-e-type=\"container\">\n\t\t\t\t\t<div class=\"e-con-inner\">\n\t\t<div class=\"elementor-element elementor-element-7784dd6 e-con-full e-flex e-con e-child\" data-id=\"7784dd6\" data-element_type=\"container\" data-e-type=\"container\">\n\t\t\t\t<div class=\"elementor-element elementor-element-5a20c7c elementor-widget elementor-widget-heading\" data-id=\"5a20c7c\" data-element_type=\"widget\" data-e-type=\"widget\" data-widget_type=\"heading.default\">\n\t\t\t\t<div class=\"elementor-widget-container\">\n\t\t\t\t\t<h2 class=\"elementor-heading-title elementor-size-default\">Datenschutzrichtlinie<\/h2>\t\t\t\t<\/div>\n\t\t\t\t<\/div>\n\t\t\t\t<\/div>\n\t\t<div class=\"elementor-element elementor-element-c03d57e e-con-full e-flex e-con e-child\" data-id=\"c03d57e\" data-element_type=\"container\" data-e-type=\"container\">\n\t\t\t\t<\/div>\n\t\t\t\t\t<\/div>\n\t\t\t\t<\/div>\n\t\t<div class=\"elementor-element elementor-element-0c94fbf e-flex e-con-boxed e-con e-parent\" data-id=\"0c94fbf\" data-element_type=\"container\" data-e-type=\"container\">\n\t\t\t\t\t<div class=\"e-con-inner\">\n\t\t<div class=\"elementor-element elementor-element-0be220f e-con-full e-flex e-con e-child\" data-id=\"0be220f\" data-element_type=\"container\" data-e-type=\"container\" data-settings=\"{&quot;background_background&quot;:&quot;classic&quot;}\">\n\t\t\t\t<div class=\"elementor-element elementor-element-0b504df elementor-widget elementor-widget-text-editor\" data-id=\"0b504df\" data-element_type=\"widget\" data-e-type=\"widget\" data-widget_type=\"text-editor.default\">\n\t\t\t\t<div class=\"elementor-widget-container\">\n\t\t\t\t\t\t\t\t\t<h2 class=\"wp-block-heading\">\u00dcber unsere Datenschutzrichtlinie<\/h2>\n<p><!-- \/wp:heading --><!-- wp:paragraph --><\/p>\n<p>Wir sind PT KARYA KARMA NUSANTARA, auch bekannt als KARMA WORKS. Diese Richtlinie erl\u00e4utert, wie wir bei KARMA WORKS Ihre personenbezogenen Daten auf unseren Websites erfassen, verwalten, verwenden und sch\u00fctzen, einschlie\u00dflich <a href=\"https:\/\/thekarmaworks.com\/de\">thekarmaworks.com<\/a>, <a href=\"http:\/\/karmaworks.media\" target=\"_blank\" rel=\"noopener\">karmaworks.media<\/a> , <a href=\"https:\/\/karmaworks.asia\/\" target=\"_blank\" rel=\"noopener\">karmaworks.asia<\/a>und deren Subdom\u00e4nen<\/p>\n<p><!-- \/wp:paragraph --><!-- wp:paragraph --><\/p>\n<p>Bei Fragen kontaktieren Sie uns bitte unter<a href=\"mailto:info@thekarmaworks.com\"> info@thekarmaworks.com<\/a> oder rufen Sie an\/WhatsApp +62 823 4087 9751.<\/p>\n<p><!-- \/wp:paragraph --><!-- wp:heading --><\/p>\n<h2 class=\"wp-block-heading\">Ihre Privatsph\u00e4re ist uns wichtig<\/h2>\n<p><!-- \/wp:heading --><!-- wp:paragraph --><\/p>\n<p>KARMA WORKS respektiert Ihre Privatsph\u00e4re in Bezug auf alle Informationen, die wir beim Betrieb unserer Website erfassen. Diese Datenschutzrichtlinie gilt f\u00fcr karmaworks.media (nachfolgend \u201euns\u201c, \u201ewir\u201c oder \u201eKARMA WORKS\u201c). Wir respektieren Ihre Privatsph\u00e4re und verpflichten uns, personenbezogene Daten, die Sie uns \u00fcber Website zur Verf\u00fcgung stellen, zu sch\u00fctzen. Diese Datenschutzrichtlinie (\u201eDatenschutzrichtlinie\u201c) erl\u00e4utert, welche Informationen auf unserer Website erfasst werden, wie wir diese Informationen verwenden und unter welchen Umst\u00e4nden wir sie an Dritte weitergeben. Diese Datenschutzrichtlinie gilt nur f\u00fcr Informationen, die wir \u00fcber Website erfassen, und nicht f\u00fcr die Erfassung von Informationen aus anderen Quellen.<\/p>\n<p><!-- \/wp:paragraph --><!-- wp:paragraph --><\/p>\n<p>Diese Datenschutzrichtlinie sowie die auf unserer Website Website ver\u00f6ffentlichten Allgemeinen Gesch\u00e4ftsbedingungen legen die allgemeinen Regeln und Richtlinien f\u00fcr Ihre Nutzung unserer Website Website fest. Abh\u00e4ngig von Ihren Aktivit\u00e4ten auf unserer Website Website m\u00fcssen Sie m\u00f6glicherweise zus\u00e4tzlichen Bedingungen zustimmen.<\/p>\n<p><!-- \/wp:paragraph --><!-- wp:heading --><\/p>\n<h2 class=\"wp-block-heading\">Website Besucher<\/h2>\n<p><!-- \/wp:heading --><!-- wp:paragraph --><\/p>\n<p>Wie die meisten Website-Betreiber sammelt KARMA WORKS nicht-personenbezogene Daten, wie sie typischerweise von Webbrowsern und Servern bereitgestellt werden, wie z. B. Browsertyp, Spracheinstellung, verweisende Website sowie Datum und Uhrzeit jeder Besucheranfrage. KARMA WORKS sammelt diese nicht-personenbezogenen Daten, um besser zu verstehen, wie Besucher die Website nutzen. KARMA WORKS kann gelegentlich nicht-personenbezogene Daten in zusammengefasster Form ver\u00f6ffentlichen, beispielsweise durch die Ver\u00f6ffentlichung eines Berichts \u00fcber Trends bei der Nutzung seiner Website.<\/p>\n<p><!-- \/wp:paragraph --><!-- wp:paragraph --><\/p>\n<p>KARMA WORKS sammelt auch potenziell pers\u00f6nlich identifizierbare Informationen wie Internet Protocol (IP)-Adressen f\u00fcr angemeldete Benutzer und f\u00fcr Benutzer, die Kommentare hinterlassen auf <a href=\"https:\/\/karmaworks.media\" target=\"_blank\" rel=\"noreferrer noopener\">https:\/\/karmaworks.media<\/a> Netzwerk und seine Subdom\u00e4nen. KARMA WORKS gibt IP-Adressen angemeldeter Benutzer und Kommentatoren nur unter denselben Umst\u00e4nden weiter, unter denen es personenbezogene Daten verwendet und weitergibt, wie unten beschrieben.<\/p>\n<p><!-- \/wp:paragraph --><!-- wp:heading --><\/p>\n<h2 class=\"wp-block-heading\">Erfassung personenbezogener Daten<\/h2>\n<p><!-- \/wp:heading --><!-- wp:paragraph --><\/p>\n<p>Bestimmte Besucher der KARMA WORKS-Websites interagieren mit KARMA WORKS auf eine Weise, die die Erfassung personenbezogener Daten erfordert. Umfang und Art der von KARMA WORKS erfassten Daten h\u00e4ngen von der Art der Interaktion ab.<\/p>\n<p>Beispielsweise bitten wir Besucher, die sich f\u00fcr eine Mitgliedschaft anmelden bei <a href=\"https:\/\/karmakommunity.org\" data-type=\"link\" data-id=\"instantkarma.karmaworks.media\" target=\"_blank\" rel=\"noopener\">karmagemeinschaft.org<\/a> einen Benutzernamen und eine E-Mail-Adresse anzugeben.<\/p>\n<p><!-- \/wp:paragraph --><!-- wp:heading --><\/p>\n<h2 class=\"wp-block-heading\">Sicherheit<\/h2>\n<p><!-- \/wp:heading --><!-- wp:paragraph --><\/p>\n<p>Die Sicherheit Ihrer personenbezogenen Daten ist uns wichtig. Beachten Sie jedoch, dass keine Methode der Internet\u00fcbertragung oder elektronischen Speicherung absolut sicher ist. Obwohl wir uns bem\u00fchen, Ihre personenbezogenen Daten mit kommerziell akzeptablen Mitteln zu sch\u00fctzen, k\u00f6nnen wir deren absolute Sicherheit nicht garantieren.<\/p>\n<p><!-- \/wp:paragraph --><!-- wp:heading --><\/p>\n<h2 class=\"wp-block-heading\">Anzeige<\/h2>\n<p><!-- \/wp:heading --><!-- wp:paragraph --><\/p>\n<p>Werbung auf unserer Website kann Nutzern von Werbepartnern zugestellt werden, die Cookies setzen k\u00f6nnen. Diese Cookies erm\u00f6glichen es dem Werbeserver, Ihren Computer bei jeder Online-Werbung wiederzuerkennen und Informationen \u00fcber Sie oder andere Nutzer Ihres Computers zu sammeln. Diese Informationen erm\u00f6glichen es Werbenetzwerken unter anderem, Ihnen zielgerichtete Werbung zu liefern, die Ihrer Meinung nach f\u00fcr Sie von besonderem Interesse ist. Diese Datenschutzrichtlinie gilt f\u00fcr die Verwendung von Cookies durch KARMA WORKS und nicht f\u00fcr die Verwendung von Cookies durch Werbetreibende.<\/p>\n<p><!-- \/wp:paragraph --><!-- wp:heading --><\/p>\n<h2 class=\"wp-block-heading\">Links zu externen Websites<\/h2>\n<p><!-- \/wp:heading --><!-- wp:paragraph --><\/p>\n<p>Unser Service kann Links zu externen Websites enthalten, die nicht von uns betrieben werden. Wenn Sie auf einen Link eines Drittanbieters klicken, werden Sie auf die Website dieses Drittanbieters weitergeleitet. Wir empfehlen Ihnen dringend, die Datenschutzrichtlinien und Nutzungsbedingungen aller von Ihnen besuchten Websites zu lesen.<\/p>\n<p><!-- \/wp:paragraph --><!-- wp:paragraph --><\/p>\n<p>Wir haben keine Kontrolle \u00fcber und \u00fcbernehmen keine Verantwortung f\u00fcr den Inhalt, die Datenschutzrichtlinien oder Praktiken von Websites, Produkten oder Dienstleistungen Dritter.<em>.<\/em><\/p>\n<p><!-- \/wp:paragraph --><!-- wp:heading --><\/p>\n<h2 class=\"wp-block-heading\">Google AdWords f\u00fcr Remarketing<\/h2>\n<p><!-- \/wp:heading --><!-- wp:paragraph --><\/p>\n<p>KARMA WORKS kann die Remarketing-Dienste nutzen, um auf Websites Dritter (einschlie\u00dflich Google) f\u00fcr fr\u00fchere Besucher unserer Website zu werben. Dies kann bedeuten, dass wir fr\u00fchere Besucher, die eine Aufgabe auf unserer Website nicht erledigt haben, z. B. \u00fcber das Kontaktformular, mit Werbung ansprechen. Dies kann in Form einer Anzeige auf der Google-Suchergebnisseite oder auf einer Website im Google Display-Netzwerk erfolgen. Drittanbieter, einschlie\u00dflich Google, verwenden Cookies, um Anzeigen basierend auf fr\u00fcheren Besuchen zu schalten. Selbstverst\u00e4ndlich werden alle erhobenen Daten gem\u00e4\u00df unserer eigenen Datenschutzrichtlinie und der Datenschutzrichtlinie von Google verwendet.<\/p>\n<p><!-- \/wp:paragraph --><!-- wp:paragraph --><\/p>\n<p>Auf der Seite \u201eGoogle-Anzeigeneinstellungen\u201c k\u00f6nnen Sie Einstellungen f\u00fcr die Art und Weise festlegen, wie Google Ihnen Werbung anzeigt. Wenn Sie m\u00f6chten, k\u00f6nnen Sie interessenbasierte Werbung \u00fcber Ihre Cookie-Einstellungen oder mithilfe eines Browser-Plugins dauerhaft deaktivieren.<\/p>\n<p><!-- \/wp:paragraph --><!-- wp:heading --><\/p>\n<h2 class=\"wp-block-heading\">Kommentare<\/h2>\n<p><!-- \/wp:heading --><!-- wp:paragraph --><\/p>\n<p>Wenn Besucher Kommentare auf der Site hinterlassen, erfassen wir die im Kommentarformular angezeigten Daten sowie die IP-Adresse des Besuchers und die Zeichenfolge des Browser-Benutzeragenten, um die Spam-Erkennung zu unterst\u00fctzen.<\/p>\n<p><!-- \/wp:paragraph --><!-- wp:paragraph --><\/p>\n<p>Aus Ihrer E-Mail-Adresse kann eine anonymisierte Zeichenfolge (auch Hash genannt) erstellt und dem Gravatar-Dienst \u00fcbergeben werden, um zu pr\u00fcfen, ob Sie diesen benutzen. Die Datenschutzerkl\u00e4rung des Gravatar-Dienstes finden Sie hier: https:\/\/automattic.com\/privacy\/. Nach Freigabe Ihres Kommentars ist Ihr Profilbild \u00f6ffentlich im Kontext Ihres Kommentars sichtbar.<\/p>\n<p><!-- \/wp:paragraph --><!-- wp:heading --><\/p>\n<h2 class=\"wp-block-heading\">Medien<\/h2>\n<p><!-- \/wp:heading --><!-- wp:paragraph --><\/p>\n<p>Wenn Sie Bilder auf die Website hochladen, sollten Sie vermeiden, Bilder mit eingebetteten Standortdaten (EXIF GPS) hochzuladen. Besucher der Website k\u00f6nnen Standortdaten aus Bildern auf der Website herunterladen und extrahieren.<\/p>\n<p><!-- \/wp:paragraph --><!-- wp:heading --><\/p>\n<h2 class=\"wp-block-heading\">Schutz bestimmter personenbezogener Daten<\/h2>\n<p><!-- \/wp:heading --><!-- wp:paragraph --><\/p>\n<p>KARMA WORKS gibt potenziell pers\u00f6nlich identifizierende und pers\u00f6nlich identifizierende Informationen nur an diejenigen seiner Mitarbeiter, Auftragnehmer und verbundenen Organisationen weiter, die<\/p>\n<p><!-- \/wp:paragraph --><!-- wp:list --><\/p>\n<ul><!-- wp:list-item -->\n<li>m\u00fcssen diese Informationen kennen, um sie im Namen von PT KARYA KARMA NUSANTARA zu verarbeiten oder um Dienste bereitzustellen, die auf der Website von PT KARYA KARMA NUSANTARA verf\u00fcgbar sind, und<\/li>\n<!-- \/wp:list-item --><!-- wp:list-item -->\n<li>die sich verpflichtet haben, diese nicht an Dritte weiterzugeben. Einige dieser Mitarbeiter, Auftragnehmer und verbundenen Organisationen k\u00f6nnen sich au\u00dferhalb Ihres Heimatlandes befinden. Indem Sie die Website von PT KARYA KARMA NUSANTARA verwenden, stimmen Sie der \u00dcbertragung derartiger Informationen an sie zu. PT KARYA KARMA NUSANTARA wird potenziell pers\u00f6nlich identifizierende und personenbezogene Daten an niemanden vermieten oder verkaufen. Au\u00dfer gegen\u00fcber seinen Mitarbeitern, Auftragnehmern und verbundenen Organisationen, wie oben beschrieben, gibt PT KARYA KARMA NUSANTARA potenziell pers\u00f6nlich identifizierende und personenbezogene Daten nur als Reaktion auf eine Vorladung, einen Gerichtsbeschluss oder eine andere beh\u00f6rdliche Aufforderung weiter oder wenn PT KARYA KARMA NUSANTARA in gutem Glauben davon ausgeht, dass die Offenlegung vern\u00fcnftigerweise notwendig ist, um das Eigentum oder die Rechte von PT KARYA KARMA NUSANTARA, Dritten oder der \u00d6ffentlichkeit im Allgemeinen zu sch\u00fctzen.<\/li>\n<!-- \/wp:list-item --><\/ul>\n<p><!-- \/wp:list --><!-- wp:paragraph --><\/p>\n<p>Wenn Sie registrierter Nutzer von https:\/\/karmaworks.media und den zugeh\u00f6rigen Subdomains sind und Ihre E-Mail-Adresse angegeben haben, senden wir Ihnen gelegentlich E-Mails, um Sie \u00fcber neue Funktionen zu informieren, Ihr Feedback einzuholen oder Sie einfach \u00fcber Neuigkeiten bei KARMA WORKS und unseren Produkten auf dem Laufenden zu halten. Wir nutzen haupts\u00e4chlich unseren Blog, um solche Informationen zu kommunizieren, daher beabsichtigen wir, diese Art von E-Mails auf ein Minimum zu beschr\u00e4nken. Wenn Sie uns eine Anfrage senden (z. B. per Support-E-Mail oder \u00fcber einen unserer Feedback-Mechanismen), behalten wir uns das Recht vor, diese zu ver\u00f6ffentlichen, um Ihre Anfrage zu kl\u00e4ren oder zu beantworten oder um andere Nutzer zu unterst\u00fctzen. KARMA WORKS ergreift alle angemessenen Ma\u00dfnahmen, um den unbefugten Zugriff, die unbefugte Nutzung, \u00c4nderung oder Zerst\u00f6rung potenziell pers\u00f6nlich identifizierbarer und pers\u00f6nlich identifizierbarer Informationen zu verhindern.<\/p>\n<p><!-- \/wp:paragraph --><!-- wp:heading --><\/p>\n<h2 class=\"wp-block-heading\">Aggregierte Statistiken<\/h2>\n<p><!-- \/wp:heading --><!-- wp:paragraph --><\/p>\n<p>KARMA WORKS erhebt m\u00f6glicherweise Statistiken \u00fcber das Verhalten der Besucher seiner Website. KARMA WORKS kann diese Informationen \u00f6ffentlich anzeigen oder anderen zur Verf\u00fcgung stellen. KARMA WORKS gibt Ihre personenbezogenen Daten jedoch nicht weiter.<\/p>\n<p><!-- \/wp:paragraph --><!-- wp:heading --><\/p>\n<h2 class=\"wp-block-heading\">Offenlegung von Partnern<\/h2>\n<p><!-- \/wp:heading --><!-- wp:paragraph --><\/p>\n<p>Diese Website verwendet m\u00f6glicherweise Affiliate-Links und erh\u00e4lt \u00fcber bestimmte Links m\u00f6glicherweise eine Provision. Dies hat keinen Einfluss auf Ihre Eink\u00e4ufe oder den Preis, den Sie m\u00f6glicherweise zahlen.<\/p>\n<p><!-- \/wp:paragraph --><!-- wp:heading --><\/p>\n<h2 class=\"wp-block-heading\">Cookie-Hinweis<\/h2>\n<p><!-- \/wp:heading --><!-- wp:paragraph --><\/p>\n<p>Um Ihr Online-Erlebnis zu bereichern und zu perfektionieren, verwendet PT KARYA KARMA NUSANTARA \u201eCookies\u201c, \u00e4hnliche Technologien und Dienste, die von anderen bereitgestellt werden, um personalisierte Inhalte und passende Werbung anzuzeigen und Ihre Pr\u00e4ferenzen auf Ihrem Computer zu speichern.<\/p>\n<p><!-- \/wp:paragraph --><!-- wp:paragraph --><\/p>\n<p>Ein Cookie ist eine Zeichenfolge, die eine Website auf dem Computer eines Besuchers speichert und die der Browser des Besuchers der Website bei jedem erneuten Besuch zur Verf\u00fcgung stellt. PT KARYA KARMA NUSANTARA verwendet Cookies, um Besucher, deren Nutzung von https:\/\/instantkarmamag.com und deren Website-Zugriffseinstellungen zu identifizieren und zu verfolgen. Besucher von PT KARYA KARMA NUSANTARA, die keine Cookies auf ihrem Computer speichern m\u00f6chten, sollten ihren Browser so einstellen, dass er Cookies ablehnt, bevor sie die Websites von PT KARYA KARMA NUSANTARA nutzen. Dies hat den Nachteil, dass bestimmte Funktionen der Websites von PT KARYA KARMA NUSANTARA ohne Cookies m\u00f6glicherweise nicht ordnungsgem\u00e4\u00df funktionieren.<\/p>\n<p><!-- \/wp:paragraph --><!-- wp:paragraph --><\/p>\n<p>Indem Sie weiterhin auf unserer Website navigieren, ohne Ihre Cookie-Einstellungen zu \u00e4ndern, erkennen Sie hiermit die Verwendung von Cookies durch PT KARYA KARMA NUSANTARA an und stimmen dieser zu.<\/p>\n<p><!-- \/wp:paragraph --><!-- wp:heading --><\/p>\n<h2 class=\"wp-block-heading\">E-Commerce<\/h2>\n<p><!-- \/wp:heading --><!-- wp:paragraph --><\/p>\n<p>Wer mit PT KARYA KARMA NUSANTARA Gesch\u00e4fte abschlie\u00dft \u2013 etwa durch den Kauf von Dienstleistungen oder Produkten von PT KARYA KARMA NUSANTARA \u2013 wird gebeten, zus\u00e4tzliche Informationen anzugeben, darunter gegebenenfalls die f\u00fcr die Abwicklung dieser Transaktionen erforderlichen pers\u00f6nlichen und finanziellen Daten. PT KARYA KARMA NUSANTARA erhebt diese Informationen jeweils nur, soweit dies zur Erf\u00fcllung des Zwecks der Interaktion des Besuchers mit PT KARYA KARMA NUSANTARA erforderlich oder angemessen ist. PT KARYA KARMA NUSANTARA gibt keine personenbezogenen Daten weiter, au\u00dfer wie unten beschrieben. Besucher k\u00f6nnen die Angabe personenbezogener Daten jederzeit verweigern, mit der Einschr\u00e4nkung, dass sie dadurch m\u00f6glicherweise nicht an bestimmten Website-bezogenen Aktivit\u00e4ten teilnehmen k\u00f6nnen.<\/p>\n<p><!-- \/wp:paragraph --><!-- wp:heading --><\/p>\n<h2 class=\"wp-block-heading\">Unternehmens\u00fcbertragungen<\/h2>\n<p><!-- \/wp:heading --><!-- wp:paragraph --><\/p>\n<p>Sollte PT KARYA KARMA NUSANTARA oder im Wesentlichen alle seine Verm\u00f6genswerte erworben werden oder sollte PT KARYA KARMA NUSANTARA im unwahrscheinlichen Fall sein Gesch\u00e4ft aufgeben oder Konkurs anmelden, w\u00fcrden Benutzerdaten zu den Verm\u00f6genswerten geh\u00f6ren, die an Dritte \u00fcbertragen oder von diesen erworben werden. Sie erkennen an, dass solche \u00dcbertragungen stattfinden k\u00f6nnen und dass jeder Erwerber von PT KARYA KARMA NUSANTARA Ihre personenbezogenen Daten weiterhin gem\u00e4\u00df dieser Richtlinie verwenden kann.<\/p>\n<p><!-- \/wp:paragraph --><!-- wp:heading --><\/p>\n<h2 class=\"wp-block-heading\">\u00c4nderungen der Datenschutzrichtlinie<\/h2>\n<p><!-- \/wp:heading --><!-- wp:paragraph --><\/p>\n<p>Obwohl die meisten \u00c4nderungen wahrscheinlich geringf\u00fcgig sind, kann PT KARYA KARMA NUSANTARA seine Datenschutzrichtlinie von Zeit zu Zeit und nach eigenem Ermessen \u00e4ndern. PT KARYA KARMA NUSANTARA empfiehlt Besuchern, diese Seite regelm\u00e4\u00dfig auf \u00c4nderungen der Datenschutzrichtlinie zu \u00fcberpr\u00fcfen. Ihre fortgesetzte Nutzung dieser Website nach einer \u00c4nderung dieser Datenschutzrichtlinie gilt als Zustimmung zu dieser \u00c4nderung.<\/p>\n<p><!-- \/wp:paragraph --><!-- wp:heading --><\/p>\n<h2 class=\"wp-block-heading\">Adresse<\/h2>\n<p><!-- \/wp:heading --><!-- wp:paragraph --><\/p>\n<p><em>PT KARYA KARMA NUSANTARA<\/em><\/p>\n<p><!-- \/wp:paragraph --><!-- wp:paragraph --><\/p>\n<p>Jalan Tukad Bilok Nr. 100A<\/p>\n<p><!-- \/wp:paragraph --><!-- wp:paragraph --><\/p>\n<p>80226 Denpasar Selatan<\/p>\n<p><!-- \/wp:paragraph --><!-- wp:paragraph --><\/p>\n<p>BALI \u2013 INDONESIEN<\/p>\n<p><!-- \/wp:paragraph --><\/p>\t\t\t\t\t\t\t\t<\/div>\n\t\t\t\t<\/div>\n\t\t\t\t<\/div>\n\t\t<div class=\"elementor-element elementor-element-16d0168 e-con-full e-flex e-con e-child\" data-id=\"16d0168\" data-element_type=\"container\" data-e-type=\"container\">\n\t\t\t\t<\/div>\n\t\t\t\t\t<\/div>\n\t\t\t\t<\/div>\n\t\t<div class=\"elementor-element elementor-element-2eb8ed1 e-flex e-con-boxed e-con e-parent\" data-id=\"2eb8ed1\" data-element_type=\"container\" data-e-type=\"container\">\n\t\t\t\t\t<div class=\"e-con-inner\">\n\t\t\t\t\t<\/div>\n\t\t\t\t<\/div>\n\t\t\t\t<\/div>","protected":false},"excerpt":{"rendered":"<p>About Our Privacy Policy We are PT KARYA KARMA NUSANTARA, also known as KARMA WORKS. This policy explains how we, at KARMA WORKS, collect, manage, use, and protect your personal information across our websites, including thekarmaworks.com, karmaworks.media , karmaworks.asia, and their subdomains For any queries, please contact us at info@thekarmaworks.com or Call\/WhatsApp +62 823 4087 [&hellip;]<\/p>\n","protected":false},"author":1,"featured_media":0,"parent":0,"menu_order":11,"comment_status":"closed","ping_status":"open","template":"","meta":{"footnotes":""},"class_list":["post-3","page","type-page","status-publish","hentry"],"_links":{"self":[{"href":"https:\/\/thekarmaworks.com\/de\/wp-json\/wp\/v2\/pages\/3","targetHints":{"allow":["GET"]}}],"collection":[{"href":"https:\/\/thekarmaworks.com\/de\/wp-json\/wp\/v2\/pages"}],"about":[{"href":"https:\/\/thekarmaworks.com\/de\/wp-json\/wp\/v2\/types\/page"}],"author":[{"embeddable":true,"href":"https:\/\/thekarmaworks.com\/de\/wp-json\/wp\/v2\/users\/1"}],"replies":[{"embeddable":true,"href":"https:\/\/thekarmaworks.com\/de\/wp-json\/wp\/v2\/comments?post=3"}],"version-history":[{"count":3,"href":"https:\/\/thekarmaworks.com\/de\/wp-json\/wp\/v2\/pages\/3\/revisions"}],"predecessor-version":[{"id":2597,"href":"https:\/\/thekarmaworks.com\/de\/wp-json\/wp\/v2\/pages\/3\/revisions\/2597"}],"wp:attachment":[{"href":"https:\/\/thekarmaworks.com\/de\/wp-json\/wp\/v2\/media?parent=3"}],"curies":[{"name":"wp","href":"https:\/\/api.w.org\/{rel}","templated":true}]}}