{"id":3,"date":"2023-04-10T13:54:31","date_gmt":"2023-04-10T13:54:31","guid":{"rendered":"https:\/\/thekarmaworks.com\/?page_id=3"},"modified":"2025-01-29T21:04:54","modified_gmt":"2025-01-29T13:04:54","slug":"datenschutzbestimmungen","status":"publish","type":"page","link":"https:\/\/thekarmaworks.com\/ch\/datenschutzbestimmungen\/","title":{"rendered":"Datenschutz"},"content":{"rendered":"<div data-elementor-type=\"wp-page\" data-elementor-id=\"3\" class=\"elementor elementor-3\" data-elementor-post-type=\"page\">\n\t\t\t\t<div class=\"elementor-element elementor-element-f0905a7 e-flex e-con-boxed e-con e-parent\" data-id=\"f0905a7\" data-element_type=\"container\" data-e-type=\"container\">\n\t\t\t\t\t<div class=\"e-con-inner\">\n\t\t<div class=\"elementor-element elementor-element-7784dd6 e-con-full e-flex e-con e-child\" data-id=\"7784dd6\" data-element_type=\"container\" data-e-type=\"container\">\n\t\t\t\t<div class=\"elementor-element elementor-element-5a20c7c elementor-widget elementor-widget-heading\" data-id=\"5a20c7c\" data-element_type=\"widget\" data-e-type=\"widget\" data-widget_type=\"heading.default\">\n\t\t\t\t<div class=\"elementor-widget-container\">\n\t\t\t\t\t<h2 class=\"elementor-heading-title elementor-size-default\">Datenschutz<\/h2>\t\t\t\t<\/div>\n\t\t\t\t<\/div>\n\t\t\t\t<\/div>\n\t\t<div class=\"elementor-element elementor-element-c03d57e e-con-full e-flex e-con e-child\" data-id=\"c03d57e\" data-element_type=\"container\" data-e-type=\"container\">\n\t\t\t\t<\/div>\n\t\t\t\t\t<\/div>\n\t\t\t\t<\/div>\n\t\t<div class=\"elementor-element elementor-element-0c94fbf e-flex e-con-boxed e-con e-parent\" data-id=\"0c94fbf\" data-element_type=\"container\" data-e-type=\"container\">\n\t\t\t\t\t<div class=\"e-con-inner\">\n\t\t<div class=\"elementor-element elementor-element-0be220f e-con-full e-flex e-con e-child\" data-id=\"0be220f\" data-element_type=\"container\" data-e-type=\"container\" data-settings=\"{&quot;background_background&quot;:&quot;classic&quot;}\">\n\t\t\t\t<div class=\"elementor-element elementor-element-0b504df elementor-widget elementor-widget-text-editor\" data-id=\"0b504df\" data-element_type=\"widget\" data-e-type=\"widget\" data-widget_type=\"text-editor.default\">\n\t\t\t\t<div class=\"elementor-widget-container\">\n\t\t\t\t\t\t\t\t\t<h2 class=\"wp-block-heading\">\u00dcber unsere Datenschutzrichtlinie<\/h2>\n<p><!-- \/wp:heading --><!-- wp:paragraph --><\/p>\n<p>Wir sind PT KARYA KARMA NUSANTARA, auch bekannt als KARMA WORKS. Diese Richtlinie erkl\u00e4rt, wie wir bei KARMA WORKS deine pers\u00f6nlichen Daten auf unseren Websites sammeln, verwalten, nutzen und sch\u00fctzen. <a href=\"https:\/\/thekarmaworks.com\/ch\">thekarmaworks.com<\/a>, <a href=\"http:\/\/karmaworks.media\" target=\"_blank\" rel=\"noopener\">karmaworks.media<\/a> , <a href=\"https:\/\/karmaworks.asia\/\" target=\"_blank\" rel=\"noopener\">karmaworks.asia<\/a>und ihre Subdom\u00e4nen<\/p>\n<p><!-- \/wp:paragraph --><!-- wp:paragraph --><\/p>\n<p>Bei Fragen kontaktiere uns bitte unter<a href=\"mailto:info@thekarmaworks.com\"> info@thekarmaworks.com<\/a> oder rufe an\/WhatsApp +62 823 4087 9751.<\/p>\n<p><!-- \/wp:paragraph --><!-- wp:heading --><\/p>\n<h2 class=\"wp-block-heading\">Deine Privatsph\u00e4re ist wichtig f\u00fcr uns<\/h2>\n<p><!-- \/wp:heading --><!-- wp:paragraph --><\/p>\n<p>KARMA WORKS respektiert deine Privatsph\u00e4re in Bezug auf alle Informationen, die wir beim Betrieb unserer Website sammeln. Diese Datenschutzrichtlinie gilt f\u00fcr karmaworks.media (im Folgenden \"wir\", \"wir\" oder \"KARMA WORKS\"). Wir respektieren deine Privatsph\u00e4re und verpflichten uns, personenbezogene Daten, die du uns \u00fcber die Website zur Verf\u00fcgung stellst, zu sch\u00fctzen. Wir haben diese Datenschutzrichtlinie (\"Datenschutzrichtlinie\") verabschiedet, um zu erl\u00e4utern, welche Informationen auf unserer Website gesammelt werden k\u00f6nnen, wie wir diese Informationen nutzen und unter welchen Umst\u00e4nden wir die Informationen an Dritte weitergeben k\u00f6nnen. Diese Datenschutzrichtlinie gilt nur f\u00fcr Informationen, die wir \u00fcber die Website sammeln, und nicht f\u00fcr unsere Sammlung von Informationen aus anderen Quellen.<\/p>\n<p><!-- \/wp:paragraph --><!-- wp:paragraph --><\/p>\n<p>Diese Datenschutzrichtlinie legt zusammen mit den auf unserer Website ver\u00f6ffentlichten Gesch\u00e4ftsbedingungen die allgemeinen Regeln und Richtlinien f\u00fcr deine Nutzung unserer Website fest. Je nachdem, was du auf unserer Website tust, kann es sein, dass du zus\u00e4tzlichen Bedingungen und Konditionen zustimmen musst.<\/p>\n<p><!-- \/wp:paragraph --><!-- wp:heading --><\/p>\n<h2 class=\"wp-block-heading\">Website-Besucher<\/h2>\n<p><!-- \/wp:heading --><!-- wp:paragraph --><\/p>\n<p>Wie die meisten Website-Betreiber sammelt auch KARMA WORKS nicht-personenbezogene Daten, wie sie von Webbrowsern und Servern \u00fcblicherweise zur Verf\u00fcgung gestellt werden, z. B. den Browsertyp, die bevorzugte Sprache, die verweisende Website sowie das Datum und die Uhrzeit der jeweiligen Besucheranfrage. KARMA WORKS sammelt nicht-personenbezogene Daten, um besser zu verstehen, wie die Besucher von KARMA WORKS die Website nutzen. Von Zeit zu Zeit kann KARMA WORKS nicht-personenbezogene Informationen in zusammengefasster Form ver\u00f6ffentlichen, z.B. durch die Ver\u00f6ffentlichung eines Berichts \u00fcber Trends in der Nutzung seiner Website.<\/p>\n<p><!-- \/wp:paragraph --><!-- wp:paragraph --><\/p>\n<p>KARMA WORKS sammelt auch potenziell pers\u00f6nlich identifizierende Informationen wie Internet-Protokoll (IP)-Adressen f\u00fcr eingeloggte Benutzer und f\u00fcr Benutzer, die Kommentare auf <a href=\"https:\/\/karmaworks.media\" target=\"_blank\" rel=\"noreferrer noopener\">https:\/\/karmaworks.media<\/a> Netzwerk und seine Subdomains. KARMA WORKS gibt die IP-Adressen der angemeldeten Benutzer und Kommentatoren nur unter denselben Umst\u00e4nden bekannt, unter denen es die unten beschriebenen personenbezogenen Daten verwendet und weitergibt.<\/p>\n<p><!-- \/wp:paragraph --><!-- wp:heading --><\/p>\n<h2 class=\"wp-block-heading\">Sammeln von personenbezogenen Informationen<\/h2>\n<p><!-- \/wp:heading --><!-- wp:paragraph --><\/p>\n<p>Bestimmte Besucher der KARMA WORKS-Websites interagieren mit KARMA WORKS auf eine Weise, die es erforderlich macht, dass KARMA WORKS pers\u00f6nlich identifizierende Informationen sammelt. Die Menge und Art der Informationen, die KARMA WORKS sammelt, h\u00e4ngt von der Art der Interaktion ab.<\/p>\n<p>Wir fragen zum Beispiel Besucher, die sich f\u00fcr eine Mitgliedschaft bei <a href=\"https:\/\/karmakommunity.org\" data-type=\"link\" data-id=\"instantkarma.karmaworks.media\" target=\"_blank\" rel=\"noopener\">karmakommunity.org<\/a> um einen Benutzernamen und eine E-Mail-Adresse anzugeben.<\/p>\n<p><!-- \/wp:paragraph --><!-- wp:heading --><\/p>\n<h2 class=\"wp-block-heading\">Sicherheit<\/h2>\n<p><!-- \/wp:heading --><!-- wp:paragraph --><\/p>\n<p>Die Sicherheit deiner pers\u00f6nlichen Daten ist uns wichtig, aber sei dir bewusst, dass keine Methode der \u00dcbertragung \u00fcber das Internet oder der elektronischen Speicherung 100% sicher ist. Obwohl wir uns bem\u00fchen, wirtschaftlich vertretbare Mittel einzusetzen, um deine pers\u00f6nlichen Daten zu sch\u00fctzen, k\u00f6nnen wir ihre absolute Sicherheit nicht garantieren.<\/p>\n<p><!-- \/wp:paragraph --><!-- wp:heading --><\/p>\n<h2 class=\"wp-block-heading\">Anzeigen<\/h2>\n<p><!-- \/wp:heading --><!-- wp:paragraph --><\/p>\n<p>Die Werbung auf unserer Website wird den Nutzern m\u00f6glicherweise von Werbepartnern geliefert, die Cookies setzen k\u00f6nnen. Diese Cookies erm\u00f6glichen es dem Werbeserver, deinen Computer jedes Mal zu erkennen, wenn er dir eine Online-Werbung schickt, um Informationen \u00fcber dich oder andere Personen, die deinen Computer benutzen, zu sammeln. Diese Informationen erm\u00f6glichen es den Werbenetzwerken unter anderem, gezielte Werbung auszuliefern, von der sie glauben, dass sie f\u00fcr dich am interessantesten ist. Diese Datenschutzrichtlinie bezieht sich auf die Verwendung von Cookies durch KARMA WORKS und nicht auf die Verwendung von Cookies durch andere Werbetreibende.<\/p>\n<p><!-- \/wp:paragraph --><!-- wp:heading --><\/p>\n<h2 class=\"wp-block-heading\">Links zu externen Seiten<\/h2>\n<p><!-- \/wp:heading --><!-- wp:paragraph --><\/p>\n<p>Unser Service kann Links zu externen Websites enthalten, die nicht von uns betrieben werden. Wenn du auf einen Link einer dritten Partei klickst, wirst du auf die Seite dieser dritten Partei weitergeleitet. Wir empfehlen dir dringend, die Datenschutzrichtlinien und Gesch\u00e4ftsbedingungen jeder Seite, die du besuchst, zu lesen.<\/p>\n<p><!-- \/wp:paragraph --><!-- wp:paragraph --><\/p>\n<p>Wir haben keine Kontrolle \u00fcber und \u00fcbernehmen keine Verantwortung f\u00fcr den Inhalt, die Datenschutzrichtlinien oder die Praktiken von Websites, Produkten oder Dienstleistungen Dritter.<em>.<\/em><\/p>\n<p><!-- \/wp:paragraph --><!-- wp:heading --><\/p>\n<h2 class=\"wp-block-heading\">Google AdWords f\u00fcr Remarketing<\/h2>\n<p><!-- \/wp:heading --><!-- wp:paragraph --><\/p>\n<p>KARMA WORKS kann die Remarketing-Dienste nutzen, um auf Websites Dritter (einschlie\u00dflich Google) Werbung f\u00fcr fr\u00fchere Besucher unserer Website zu schalten. Das kann bedeuten, dass wir Werbung f\u00fcr fr\u00fchere Besucher machen, die eine Aufgabe auf unserer Website nicht erledigt haben, z. B. das Kontaktformular f\u00fcr eine Anfrage. Dies kann in Form einer Anzeige auf der Google-Suchergebnisseite oder auf einer Seite im Google Display-Netzwerk geschehen. Drittanbieter, einschlie\u00dflich Google, verwenden Cookies, um Anzeigen zu schalten, die auf den fr\u00fcheren Besuchen einer Person basieren. Nat\u00fcrlich werden alle gesammelten Daten in \u00dcbereinstimmung mit unseren eigenen Datenschutzbestimmungen und den Datenschutzbestimmungen von Google verwendet.<\/p>\n<p><!-- \/wp:paragraph --><!-- wp:paragraph --><\/p>\n<p>Auf der Seite mit den Google-Anzeigenvorgaben kannst du einstellen, wie Google dich bewirbt. Wenn du m\u00f6chtest, kannst du die interessenbezogene Werbung \u00fcber die Cookie-Einstellungen oder dauerhaft \u00fcber ein Browser-Plugin ganz ausschalten.<\/p>\n<p><!-- \/wp:paragraph --><!-- wp:heading --><\/p>\n<h2 class=\"wp-block-heading\">Kommentare<\/h2>\n<p><!-- \/wp:heading --><!-- wp:paragraph --><\/p>\n<p>Wenn Besucher\/innen Kommentare auf der Website hinterlassen, sammeln wir die Daten, die im Kommentarformular angezeigt werden, sowie die IP-Adresse und den User-Agent-String des Browsers, um die Spam-Erkennung zu erleichtern.<\/p>\n<p><!-- \/wp:paragraph --><!-- wp:paragraph --><\/p>\n<p>Eine anonymisierte Zeichenfolge, die aus deiner E-Mail-Adresse erstellt wird (auch Hash genannt), kann dem Gravatar-Dienst zur Verf\u00fcgung gestellt werden, um zu sehen, ob du ihn verwendest. Die Datenschutzrichtlinien des Gravatar-Dienstes findest du hier: https:\/\/automattic.com\/privacy\/. Nach der Genehmigung deines Kommentars ist dein Profilbild im Kontext deines Kommentars \u00f6ffentlich sichtbar.<\/p>\n<p><!-- \/wp:paragraph --><!-- wp:heading --><\/p>\n<h2 class=\"wp-block-heading\">Medien<\/h2>\n<p><!-- \/wp:heading --><!-- wp:paragraph --><\/p>\n<p>Wenn du Bilder auf die Website hochl\u00e4dst, solltest du es vermeiden, Bilder hochzuladen, die eingebettete Standortdaten (EXIF-GPS) enthalten. Die Besucher der Website k\u00f6nnen alle Standortdaten von den Bildern auf der Website herunterladen und extrahieren.<\/p>\n<p><!-- \/wp:paragraph --><!-- wp:heading --><\/p>\n<h2 class=\"wp-block-heading\">Schutz bestimmter personenbezogener Daten<\/h2>\n<p><!-- \/wp:heading --><!-- wp:paragraph --><\/p>\n<p>KARMA WORKS gibt potenziell pers\u00f6nlich identifizierende Informationen nur an diejenigen seiner Mitarbeiter, Auftragnehmer und verbundenen Organisationen weiter, die<\/p>\n<p><!-- \/wp:paragraph --><!-- wp:list --><\/p>\n<ul><!-- wp:list-item -->\n<li>diese Informationen ben\u00f6tigen, um sie im Auftrag von PT KARYA KARMA NUSANTARA zu verarbeiten oder um die auf der Website von PT KARYA KARMA NUSANTARA verf\u00fcgbaren Dienste bereitzustellen, und<\/li>\n<!-- \/wp:list-item --><!-- wp:list-item -->\n<li>die zugestimmt haben, sie nicht an andere weiterzugeben. Einige dieser Mitarbeiter, Auftragnehmer und verbundenen Organisationen k\u00f6nnen sich au\u00dferhalb deines Heimatlandes befinden; durch die Nutzung der Website von PT KARYA KARMA NUSANTARA erkl\u00e4rst du dich mit der \u00dcbermittlung dieser Informationen an sie einverstanden. PT KARYA KARMA NUSANTARA vermietet oder verkauft keine potenziell pers\u00f6nlich identifizierenden Informationen an Dritte. Abgesehen von seinen Mitarbeitern, Auftragnehmern und verbundenen Organisationen, wie oben beschrieben, legt PT KARYA KARMA NUSANTARA potenziell pers\u00f6nlich identifizierende und personenbezogene Daten nur dann offen, wenn eine Vorladung, ein Gerichtsbeschluss oder eine andere beh\u00f6rdliche Aufforderung vorliegt oder wenn PT KARYA KARMA NUSANTARA in gutem Glauben davon ausgeht, dass die Offenlegung vern\u00fcnftigerweise notwendig ist, um das Eigentum oder die Rechte von PT KARYA KARMA NUSANTARA, Dritten oder der \u00d6ffentlichkeit insgesamt zu sch\u00fctzen.<\/li>\n<!-- \/wp:list-item --><\/ul>\n<p><!-- \/wp:list --><!-- wp:paragraph --><\/p>\n<p>Wenn du ein registrierter Nutzer von https:\/\/karmaworks.media und seinen Subdomains bist und deine E-Mail-Adresse angegeben hast, k\u00f6nnen wir dir gelegentlich eine E-Mail schicken, um dich \u00fcber neue Funktionen zu informieren, dich um Feedback zu bitten oder dich einfach auf dem Laufenden zu halten, was bei KARMA WORKS und unseren Produkten passiert. Wir nutzen vor allem unseren Blog, um diese Art von Informationen zu \u00fcbermitteln, daher werden wir diese Art von E-Mails auf ein Minimum beschr\u00e4nken. Wenn du uns eine Anfrage schickst (z. B. \u00fcber eine Support-E-Mail oder \u00fcber einen unserer Feedback-Mechanismen), behalten wir uns das Recht vor, diese zu ver\u00f6ffentlichen, um uns bei der Kl\u00e4rung oder Beantwortung deiner Anfrage zu helfen oder um uns bei der Unterst\u00fctzung anderer Nutzer\/innen zu unterst\u00fctzen. KARMA WORKS ergreift alle angemessenen Ma\u00dfnahmen, um sich gegen den unbefugten Zugriff, die Nutzung, die Ver\u00e4nderung oder die Zerst\u00f6rung von potenziell pers\u00f6nlich identifizierenden und personenbezogenen Daten zu sch\u00fctzen.<\/p>\n<p><!-- \/wp:paragraph --><!-- wp:heading --><\/p>\n<h2 class=\"wp-block-heading\">Aggregierte Statistik<\/h2>\n<p><!-- \/wp:heading --><!-- wp:paragraph --><\/p>\n<p>KARMA WORKS kann Statistiken \u00fcber das Verhalten der Besucher seiner Website sammeln. KARMA WORKS kann diese Informationen \u00f6ffentlich anzeigen oder sie anderen zur Verf\u00fcgung stellen. KARMA WORKS gibt deine pers\u00f6nlichen Daten jedoch nicht weiter.<\/p>\n<p><!-- \/wp:paragraph --><!-- wp:heading --><\/p>\n<h2 class=\"wp-block-heading\">Offenlegung von Partnerschaften<\/h2>\n<p><!-- \/wp:heading --><!-- wp:paragraph --><\/p>\n<p>Diese Seite verwendet m\u00f6glicherweise Affiliate-Links und kann an bestimmten Links eine Provision verdienen. Dies hat keinen Einfluss auf deinen Einkauf oder den Preis, den du zahlst.<\/p>\n<p><!-- \/wp:paragraph --><!-- wp:heading --><\/p>\n<h2 class=\"wp-block-heading\">Cookies<\/h2>\n<p><!-- \/wp:heading --><!-- wp:paragraph --><\/p>\n<p>Um dein Online-Erlebnis zu bereichern und zu perfektionieren, verwendet PT KARYA KARMA NUSANTARA \"Cookies\", \u00e4hnliche Technologien und Dienste, die von anderen bereitgestellt werden, um personalisierte Inhalte und passende Werbung anzuzeigen und deine Pr\u00e4ferenzen auf deinem Computer zu speichern.<\/p>\n<p><!-- \/wp:paragraph --><!-- wp:paragraph --><\/p>\n<p>Ein Cookie ist eine Zeichenfolge von Informationen, die eine Website auf dem Computer eines Besuchers speichert und die der Browser des Besuchers der Website jedes Mal zur Verf\u00fcgung stellt, wenn der Besucher zur\u00fcckkehrt. PT KARYA KARMA NUSANTARA verwendet Cookies, um PT KARYA KARMA NUSANTARA dabei zu helfen, Besucher zu identifizieren und zu verfolgen, ihre Nutzung von https:\/\/instantkarmamag.com und ihre Zugriffspr\u00e4ferenzen auf die Website. Besucher von PT KARYA KARMA NUSANTARA, die nicht m\u00f6chten, dass Cookies auf ihrem Computer gespeichert werden, sollten ihren Browser so einstellen, dass er Cookies ablehnt, bevor sie die Websites von PT KARYA KARMA NUSANTARA nutzen.<\/p>\n<p><!-- \/wp:paragraph --><!-- wp:paragraph --><\/p>\n<p>Wenn du auf unserer Website weiternavigierst, ohne deine Cookie-Einstellungen zu \u00e4ndern, stimmst du der Verwendung von Cookies durch PT KARYA KARMA NUSANTARA zu.<\/p>\n<p><!-- \/wp:paragraph --><!-- wp:heading --><\/p>\n<h2 class=\"wp-block-heading\">E-Commerce<\/h2>\n<p><!-- \/wp:heading --><!-- wp:paragraph --><\/p>\n<p>Diejenigen, die Transaktionen mit PT KARYA KARMA NUSANTARA durchf\u00fchren - durch den Kauf von Dienstleistungen oder Produkten von PT KARYA KARMA NUSANTARA - werden gebeten, zus\u00e4tzliche Informationen bereitzustellen, einschlie\u00dflich der pers\u00f6nlichen und finanziellen Daten, die f\u00fcr die Durchf\u00fchrung dieser Transaktionen erforderlich sind. In jedem Fall erhebt PT KARYA KARMA NUSANTARA diese Daten nur in dem Ma\u00dfe, wie es f\u00fcr den Zweck der Interaktion des Besuchers mit PT KARYA KARMA NUSANTARA notwendig oder angemessen ist. PT KARYA KARMA NUSANTARA gibt keine pers\u00f6nlich identifizierenden Informationen weiter, au\u00dfer wie unten beschrieben. Und die Besucher k\u00f6nnen sich jederzeit weigern, pers\u00f6nlich identifizierende Informationen zu liefern, mit dem Vorbehalt, dass sie dadurch m\u00f6glicherweise an der Teilnahme an bestimmten Website-bezogenen Aktivit\u00e4ten gehindert werden.<\/p>\n<p><!-- \/wp:paragraph --><!-- wp:heading --><\/p>\n<h2 class=\"wp-block-heading\">Unternehmens\u00fcbertragungen<\/h2>\n<p><!-- \/wp:heading --><!-- wp:paragraph --><\/p>\n<p>Wenn PT KARYA KARMA NUSANTARA oder im Wesentlichen alle seine Verm\u00f6genswerte erworben werden, oder in dem unwahrscheinlichen Fall, dass PT KARYA KARMA NUSANTARA in Konkurs geht, w\u00fcrden die Benutzerinformationen zu den Verm\u00f6genswerten geh\u00f6ren, die von einer dritten Partei \u00fcbertragen oder erworben werden. Du nimmst zur Kenntnis, dass solche \u00dcbertragungen stattfinden k\u00f6nnen und dass jeder Erwerber von PT KARYA KARMA NUSANTARA deine personenbezogenen Daten weiterhin wie in dieser Richtlinie beschrieben verwenden kann.<\/p>\n<p><!-- \/wp:paragraph --><!-- wp:heading --><\/p>\n<h2 class=\"wp-block-heading\">\u00c4nderungen der Datenschutzrichtlinie<\/h2>\n<p><!-- \/wp:heading --><!-- wp:paragraph --><\/p>\n<p>Obwohl die meisten \u00c4nderungen wahrscheinlich geringf\u00fcgig sind, kann PT KARYA KARMA NUSANTARA seine Datenschutzrichtlinie von Zeit zu Zeit und nach eigenem Ermessen \u00e4ndern. PT KARYA KARMA NUSANTARA fordert seine Besucher auf, diese Seite regelm\u00e4\u00dfig auf \u00c4nderungen der Datenschutzrichtlinien zu \u00fcberpr\u00fcfen. Wenn du diese Seite nach einer \u00c4nderung der Datenschutzrichtlinien weiterhin nutzt, erkl\u00e4rst du dich mit dieser \u00c4nderung einverstanden.<\/p>\n<p><!-- \/wp:paragraph --><!-- wp:heading --><\/p>\n<h2 class=\"wp-block-heading\">Adresse<\/h2>\n<p><!-- \/wp:heading --><!-- wp:paragraph --><\/p>\n<p><em>PT KARYA KARMA NUSANTARA<\/em><\/p>\n<p><!-- \/wp:paragraph --><!-- wp:paragraph --><\/p>\n<p>Jalan Tukad Bilok Nr. 100A<\/p>\n<p><!-- \/wp:paragraph --><!-- wp:paragraph --><\/p>\n<p>80226 Denpasar Selatan<\/p>\n<p><!-- \/wp:paragraph --><!-- wp:paragraph --><\/p>\n<p>BALI - INDONESIEN<\/p>\n<p><!-- \/wp:paragraph --><\/p>\t\t\t\t\t\t\t\t<\/div>\n\t\t\t\t<\/div>\n\t\t\t\t<\/div>\n\t\t<div class=\"elementor-element elementor-element-16d0168 e-con-full e-flex e-con e-child\" data-id=\"16d0168\" data-element_type=\"container\" data-e-type=\"container\">\n\t\t\t\t<\/div>\n\t\t\t\t\t<\/div>\n\t\t\t\t<\/div>\n\t\t<div class=\"elementor-element elementor-element-2eb8ed1 e-flex e-con-boxed e-con e-parent\" data-id=\"2eb8ed1\" data-element_type=\"container\" data-e-type=\"container\">\n\t\t\t\t\t<div class=\"e-con-inner\">\n\t\t\t\t\t<\/div>\n\t\t\t\t<\/div>\n\t\t\t\t<\/div>","protected":false},"excerpt":{"rendered":"<p>About Our Privacy Policy We are PT KARYA KARMA NUSANTARA, also known as KARMA WORKS. This policy explains how we, at KARMA WORKS, collect, manage, use, and protect your personal information across our websites, including thekarmaworks.com, karmaworks.media , karmaworks.asia, and their subdomains For any queries, please contact us at info@thekarmaworks.com or Call\/WhatsApp +62 823 4087 [&hellip;]<\/p>\n","protected":false},"author":1,"featured_media":0,"parent":0,"menu_order":11,"comment_status":"closed","ping_status":"open","template":"","meta":{"footnotes":""},"class_list":["post-3","page","type-page","status-publish","hentry"],"_links":{"self":[{"href":"https:\/\/thekarmaworks.com\/ch\/wp-json\/wp\/v2\/pages\/3","targetHints":{"allow":["GET"]}}],"collection":[{"href":"https:\/\/thekarmaworks.com\/ch\/wp-json\/wp\/v2\/pages"}],"about":[{"href":"https:\/\/thekarmaworks.com\/ch\/wp-json\/wp\/v2\/types\/page"}],"author":[{"embeddable":true,"href":"https:\/\/thekarmaworks.com\/ch\/wp-json\/wp\/v2\/users\/1"}],"replies":[{"embeddable":true,"href":"https:\/\/thekarmaworks.com\/ch\/wp-json\/wp\/v2\/comments?post=3"}],"version-history":[{"count":3,"href":"https:\/\/thekarmaworks.com\/ch\/wp-json\/wp\/v2\/pages\/3\/revisions"}],"predecessor-version":[{"id":2597,"href":"https:\/\/thekarmaworks.com\/ch\/wp-json\/wp\/v2\/pages\/3\/revisions\/2597"}],"wp:attachment":[{"href":"https:\/\/thekarmaworks.com\/ch\/wp-json\/wp\/v2\/media?parent=3"}],"curies":[{"name":"wp","href":"https:\/\/api.w.org\/{rel}","templated":true}]}}